{"id":599,"date":"2018-05-28T13:37:14","date_gmt":"2018-05-28T13:37:14","guid":{"rendered":"http:\/\/www.consmg.com\/wp\/?page_id=599"},"modified":"2018-05-28T13:37:40","modified_gmt":"2018-05-28T13:37:40","slug":"nota-legal","status":"publish","type":"page","link":"http:\/\/www.consmg.com\/wp\/?page_id=599","title":{"rendered":"Nota legal"},"content":{"rendered":"<strong>Datos del Responsable<\/strong>\r\n<ul>\r\n \t<li><strong>Identidad del Responsable: CONSTRUCCIONES MANCEBO Y GONZALEZ S.L.<\/strong><\/li>\r\n \t<li><strong>Nombre comercial: <\/strong>Construcciones Mancebo y Gonzalez<\/li>\r\n \t<li><strong>NIF\/CIF:<\/strong> \u00a0B46067583<\/li>\r\n \t<li><strong>Direcci\u00f3n: c\/ Salvador tormo, 39, 46870 Ontinyent, Valencia<\/strong><\/li>\r\n \t<li><strong>Correo electr\u00f3nico: <\/strong>info@consmg.com<\/li>\r\n<\/ul>\r\n&nbsp;\r\n\r\nEn este espacio, el usuario, podr\u00e1 encontrar toda la informaci\u00f3n relativa a los t\u00e9rminos y condiciones legales que definen las relaciones entre los usuarios y yo como responsable de esta web. Como usuario, es importante que conozcas estos t\u00e9rminos antes de continuar tu navegaci\u00f3n.\r\n\r\n&nbsp;\r\n\r\n<strong>CONSTRUCCIONES MANCEBO Y GONZALEZ S.L.<\/strong> como responsable de esta web, asume el compromiso de procesar la informaci\u00f3n de nuestros usuarios y clientes con plenas garant\u00edas y cumplir con los requisitos nacionales y europeos que regulan la recopilaci\u00f3n y uso de los datos personales de nuestros usuarios.\r\n\r\nEsta web, por tanto, cumple rigurosamente con La Ley Org\u00e1nica 15\/1999, de 13 de diciembre, de Protecci\u00f3n de Datos de Car\u00e1cter Personal (LOPD), y con el Real Decreto 1720\/2007, de 21 de diciembre, conocido como el Reglamento de desarrollo de la LOPD. Cumple tambi\u00e9n con el Reglamento (UE) 2016\/679 del Parlamento Europeo y del Consejo de 27 de abril de 2016 relativo a la protecci\u00f3n de las personas f\u00edsicas (RGPD), as\u00ed como con la Ley 34\/2002, de 11 de julio, de Servicios de la Sociedad de la Informaci\u00f3n y Comercio Electr\u00f3nico (LSSICE \u00f3 LSSI).\r\n\r\n&nbsp;\r\n\r\n<strong>Condiciones generales de uso<\/strong>\r\n\r\nLas presentes Condiciones Generales regulan el uso (incluyendo el mero acceso) de las p\u00e1ginas de web, integrantes del sitio web de <strong>CONSTRUCCIONES MANCEBO Y GONZALEZ S.L.<\/strong> incluidos los contenidos y servicios puestos a disposici\u00f3n en ellas. Toda persona que acceda a la web, http:\/\/www.consmg.com (\u201cusuario\u201d) acepta someterse a las Condiciones Generales vigentes en cada momento del portal http:\/\/www.consmg.com.\r\n\r\n&nbsp;\r\n\r\n<strong>Datos personales que recabo y c\u00f3mo lo hacemos<\/strong>\r\n\r\nLeer Pol\u00edtica de Privacidad.\r\n\r\n&nbsp;\r\n\r\n<strong>Compromisos y obligaciones de los usuarios<\/strong>\r\n\r\nEl usuario queda informado, y acepta, que el acceso a la presente web no supone, en modo alguno, el inicio de una relaci\u00f3n comercial con <strong>CONSTRUCCIONES MANCEBO Y GONZALEZ S.L.\u00a0<\/strong>. De esta forma, el usuario se compromete a utilizar el sitio web, sus servicios y contenidos sin contravenir la legislaci\u00f3n vigente, la buena fe y el orden p\u00fablico.\r\n\r\nQueda prohibido el uso de la web, con fines il\u00edcitos o lesivos, o que, de cualquier forma, puedan causar perjuicio o impedir el normal funcionamiento del sitio web. Respecto de los contenidos de esta web, se proh\u00edbe:\r\n<ul>\r\n \t<li>Su reproducci\u00f3n, distribuci\u00f3n o modificaci\u00f3n, total o parcial, a menos que se cuente con mi autorizaci\u00f3n como leg\u00edtimo titular;<\/li>\r\n \t<li>Cualquier vulneraci\u00f3n de los derechos del prestador o de mi como leg\u00edtimo titular;<\/li>\r\n \t<li>Su utilizaci\u00f3n para fines comerciales o publicitarios.<\/li>\r\n<\/ul>\r\nEn la utilizaci\u00f3n de la web, http:\/\/www.consmg.com el usuario se compromete a no llevar a cabo\u00a0<strong>ninguna conducta<\/strong>\u00a0que pudiera da\u00f1ar la imagen, los intereses y los derechos de <strong>CONSTRUCCIONES MANCEBO Y GONZALEZ S.L.\u00a0<\/strong>o de terceros o que pudiera da\u00f1ar, inutilizar o sobrecargar el portal http:\/\/www.consmg.com o que impidiera, de cualquier forma, la normal utilizaci\u00f3n de la web.\r\n\r\nNo obstante, el usuario debe ser consciente de que las medidas de seguridad de los sistemas inform\u00e1ticos en Internet no son enteramente fiables y que, por tanto http:\/\/www.Consmg.com no puede garantizar la inexistencia de malware u otros elementos que puedan producir alteraciones en los sistemas inform\u00e1ticos (software y hardware) del usuario o en sus documentos electr\u00f3nicos y ficheros contenidos en los mismos aunque pongo todos los medios necesarios y las medidas de seguridad oportunas para evitar la presencia de estos elementos da\u00f1inos.\r\n\r\n&nbsp;\r\n\r\n<strong>Medidas de seguridad<\/strong>\r\n\r\nLos datos personales comunicados por el usuario a <strong>CONSTRUCCIONES MANCEBO Y GONZALEZ S.L.\u00a0<\/strong>pueden ser almacenados en bases de datos automatizadas o no, cuya titularidad corresponde en exclusiva a <strong>CONSTRUCCIONES MANCEBO Y GONZALEZ S.L. <\/strong>, asumiendo \u00e9sta todas las medidas de \u00edndole t\u00e9cnica, organizativa y de seguridad que garantizan la confidencialidad, integridad y calidad de la informaci\u00f3n contenida en las mismas de acuerdo con lo establecido en la normativa vigente en protecci\u00f3n de datos.\r\n\r\n&nbsp;\r\n\r\n<strong>Derechos de propiedad intelectual e industrial<\/strong>\r\n\r\nEn virtud de lo dispuesto en los art\u00edculos 8 y 32.1, p\u00e1rrafo segundo, de la Ley de Propiedad Intelectual, quedan expresamente prohibidas la reproducci\u00f3n, la distribuci\u00f3n y la comunicaci\u00f3n p\u00fablica, incluida su modalidad de puesta a disposici\u00f3n, de la totalidad o parte de los contenidos de esta p\u00e1gina web, con fines comerciales, en cualquier soporte y por cualquier medio t\u00e9cnico, sin la autorizaci\u00f3n de <strong>CONSTRUCCIONES MANCEBO Y GONZALEZ S.L. .<\/strong>El usuario se compromete a respetar los derechos de Propiedad Intelectual e Industrial titularidad de <strong>CONSTRUCCIONES MANCEBO Y GONZALEZ S.L.\u00a0<\/strong>.\r\n\r\nEl usuario conoce y acepta que la totalidad del sitio web, conteniendo sin car\u00e1cter exhaustivo el texto, software, contenidos (incluyendo estructura, selecci\u00f3n, ordenaci\u00f3n y presentaci\u00f3n de los mismos) podcast, fotograf\u00edas, material audiovisual y gr\u00e1ficos, est\u00e1 protegida por marcas, derechos de autor y otros derechos leg\u00edtimos, de acuerdo con los tratados internacionales en los que Espa\u00f1a es parte y otros derechos de propiedad y leyes de Espa\u00f1a.\r\n\r\nEn el caso de que un usuario o un tercero consideren que se ha producido una violaci\u00f3n de sus leg\u00edtimos derechos de propiedad intelectual por la introducci\u00f3n de un determinado contenido en la web, deber\u00e1 notificar dicha circunstancia a <strong>CONSTRUCCIONES MANCEBO Y GONZALEZ S.L.\u00a0<\/strong>indicando:\r\n<ul>\r\n \t<li>Datos personales del interesado titular de los derechos presuntamente infringidos, o indicar la representaci\u00f3n con la que act\u00faa en caso de que la reclamaci\u00f3n la presente un tercero distinto del interesado.<\/li>\r\n \t<li>Se\u00f1alar los contenidos protegidos por los derechos de propiedad intelectual y su ubicaci\u00f3n en la web, la acreditaci\u00f3n de los derechos de propiedad intelectual se\u00f1alados y declaraci\u00f3n expresa en la que el interesado se responsabiliza de la veracidad de las informaciones facilitadas en la notificaci\u00f3n.<\/li>\r\n<\/ul>\r\n&nbsp;\r\n\r\n<strong>Enlaces externos<\/strong>\r\n\r\nLas p\u00e1ginas de la web http:\/\/www.consmg.com proporciona enlaces a otros sitios web propios y contenidos que son propiedad de terceros tales como:\r\n<ul>\r\n \t<li>Contenido de otros blogs<\/li>\r\n \t<li>Recursos<\/li>\r\n<\/ul>\r\n&nbsp;\r\n\r\n<strong>Exclusi\u00f3n de garant\u00edas y responsable<\/strong>\r\n\r\n<strong>CONSTRUCCIONES MANCEBO Y GONZALEZ S.L. no otorga ninguna garant\u00eda ni se hace responsable, en ning\u00fan caso, de los da\u00f1os y perjuicios de cualquier naturaleza que pudieran traer causa de:<\/strong>\r\n<ul>\r\n \t<li>La falta de disponibilidad, mantenimiento y efectivo funcionamiento de la web, o de sus servicios y contenidos;<\/li>\r\n \t<li>La existencia de malware, programas maliciosos o lesivos en los contenidos;<\/li>\r\n \t<li>El uso il\u00edcito, negligente, fraudulento o contrario a este Aviso Legal;<\/li>\r\n \t<li>La falta de licitud, calidad, fiabilidad, utilidad y disponibilidad de los servicios prestados por terceros y puestos a disposici\u00f3n de los usuarios en el sitio web.<\/li>\r\n \t<li>El prestador no se hace responsable bajo ning\u00fan concepto de los da\u00f1os que pudieran dimanar del uso ilegal o indebido de la presente p\u00e1gina web.<\/li>\r\n<\/ul>\r\n&nbsp;\r\n\r\n<strong>Ley aplicable y jurisdicci\u00f3n<\/strong>\r\n\r\nCon car\u00e1cter general las relaciones entre <strong>CONSTRUCCIONES MANCEBO Y GONZALEZ S.L.<\/strong> con los usuarios de sus servicios telem\u00e1ticos, presentes en esta web se encuentran sometidas a la legislaci\u00f3n y jurisdicci\u00f3n espa\u00f1olas y a los tribunales de Ontinyent.\r\n\r\n&nbsp;\r\n\r\n<strong>Contacto<\/strong>\r\n\r\nEn caso de que cualquier usuario tuviese alguna duda acerca de estas Condiciones legales o cualquier comentario sobre el portal http:\/\/www.consmg.com por favor dir\u00edjase a\u00a0info@consmg.com .\r\n\r\n&nbsp;","protected":false},"excerpt":{"rendered":"<p>Datos del Responsable Identidad del Responsable: CONSTRUCCIONES MANCEBO Y GONZALEZ S.L. Nombre comercial: Construcciones Mancebo y Gonzalez NIF\/CIF: \u00a0B46067583 Direcci\u00f3n: c\/ Salvador tormo, 39, 46870 Ontinyent, Valencia Correo electr\u00f3nico: info@consmg.com &nbsp; En este espacio, el usuario, podr\u00e1 encontrar toda la informaci\u00f3n relativa a los t\u00e9rminos y condiciones legales que definen las relaciones entre los usuarios [&hellip;]<\/p>\n","protected":false},"author":1,"featured_media":0,"parent":0,"menu_order":0,"comment_status":"closed","ping_status":"closed","template":"","meta":{"footnotes":""},"class_list":["post-599","page","type-page","status-publish","hentry"],"jetpack_sharing_enabled":true,"_links":{"self":[{"href":"http:\/\/www.consmg.com\/wp\/index.php?rest_route=\/wp\/v2\/pages\/599","targetHints":{"allow":["GET"]}}],"collection":[{"href":"http:\/\/www.consmg.com\/wp\/index.php?rest_route=\/wp\/v2\/pages"}],"about":[{"href":"http:\/\/www.consmg.com\/wp\/index.php?rest_route=\/wp\/v2\/types\/page"}],"author":[{"embeddable":true,"href":"http:\/\/www.consmg.com\/wp\/index.php?rest_route=\/wp\/v2\/users\/1"}],"replies":[{"embeddable":true,"href":"http:\/\/www.consmg.com\/wp\/index.php?rest_route=%2Fwp%2Fv2%2Fcomments&post=599"}],"version-history":[{"count":1,"href":"http:\/\/www.consmg.com\/wp\/index.php?rest_route=\/wp\/v2\/pages\/599\/revisions"}],"predecessor-version":[{"id":600,"href":"http:\/\/www.consmg.com\/wp\/index.php?rest_route=\/wp\/v2\/pages\/599\/revisions\/600"}],"wp:attachment":[{"href":"http:\/\/www.consmg.com\/wp\/index.php?rest_route=%2Fwp%2Fv2%2Fmedia&parent=599"}],"curies":[{"name":"wp","href":"https:\/\/api.w.org\/{rel}","templated":true}]}}