{"id":2,"date":"2014-03-24T12:56:15","date_gmt":"2014-03-24T12:56:15","guid":{"rendered":"http:\/\/www.consmg.com\/wp\/?page_id=2"},"modified":"2016-04-07T09:57:57","modified_gmt":"2016-04-07T09:57:57","slug":"pagina-ejemplo","status":"publish","type":"page","link":"http:\/\/www.consmg.com\/wp\/?page_id=2","title":{"rendered":"SOBRE NOSOTROS"},"content":{"rendered":"<a href=\"http:\/\/www.consmg.com\/wp\/wp-content\/uploads\/2014\/03\/trato-personalizado.jpg\" rel=\"attachment wp-att-435\"><img loading=\"lazy\" decoding=\"async\" class=\"alignnone wp-image-435\" src=\"http:\/\/www.consmg.com\/wp\/wp-content\/uploads\/2014\/03\/trato-personalizado.jpg\" alt=\"trato-personalizado\" width=\"919\" height=\"330\" srcset=\"http:\/\/www.consmg.com\/wp\/wp-content\/uploads\/2014\/03\/trato-personalizado.jpg 835w, http:\/\/www.consmg.com\/wp\/wp-content\/uploads\/2014\/03\/trato-personalizado-300x108.jpg 300w, http:\/\/www.consmg.com\/wp\/wp-content\/uploads\/2014\/03\/trato-personalizado-768x276.jpg 768w\" sizes=\"auto, (max-width: 919px) 100vw, 919px\" \/><\/a>\r\n<h2>\u00a0CONSTRUCCIONES MANCEBO-GONZALEZ, SL<\/h2>\r\n<blockquote>\r\n<p style=\"text-align: justify;\">Empresa fundada en 1973, Construcciones Mancebo-Gonz\u00e1lez es empresa l\u00edder en el sector de la construcci\u00f3n y rehabilitaci\u00f3n con m\u00e1s de 40 a\u00f1os de experiencia.<\/p>\r\n<p style=\"text-align: justify;\">Nuestro trabajo gira en torno a la creaci\u00f3n de una propuesta de valor que se adapte a las necesidades de nuestros clientes<\/p>\r\n<p style=\"text-align: justify;\">Nos hemos especializado en la construcci\u00f3n Ad-Hoc, donde nuestros clientes personalizan el producto en funci\u00f3n de su estilo de vida y profesional<\/p>\r\n<p style=\"text-align: justify;\">En Construcciones Mancebo-Gonz\u00e1lez estamos capacitados para la realizaci\u00f3n de cualquier tipo de obra civil y obra p\u00fablica.<\/p>\r\n<\/blockquote>\r\n<h2 style=\"text-align: justify;\"><\/h2>\r\n<h2><\/h2>\r\n<h2>UN POCO DE HISTORIA&#8230;<\/h2>\r\n<p style=\"text-align: justify;\">Desde 1973 CONSTRUCCIONES MANCEBO-GONZALEZ ha estado construyendo edificios constantemente alrededor de toda la Comunidad Valenciana, donde en Ontinyent (localidad natal de la empresa) ha desarrollado su m\u00e1xima actividad empresarial. Desde su fundaci\u00f3n con Pedro Mancebo al cargo, nuestra empresa sigue construyendo\u00a0viviendas de la m\u00e1s alta calidad con las \u00faltimas innovaciones en cuanto a t\u00e9cnicas y\u00a0dise\u00f1o<\/p>\r\nEn esta galer\u00eda os dejamos los edificios con los que empez\u00f3 nuestra empresa :\r\n\r\n&nbsp;\r\n\r\n<div class=\"gmedia_gallery gmediaShortcodeError\" data-gmid=\"19\" data-error=\"minima: folder missed or module broken\"><\/div>\r\n<h3><\/h3>\r\n<h3><\/h3>\r\n<h3><\/h3>\r\n<h3><\/h3>\r\n<h3><\/h3>\r\n<h3>Puedes visitarnos en nuestras oficinas de<\/h3>\r\n<h4>c\/ Salvador Tormo , 39<\/h4>\r\n<h4>46870 &#8211; Ontinyent &#8211; Valencia<\/h4>\r\n<strong>Tel\u00e9fono: 96 291 35 06<\/strong>\r\n<h4>email: <a title=\"info@consmg.com\" href=\"mailto:info@consmg.com\" target=\"_blank\">info@consmg.com<\/a><\/h4>","protected":false},"excerpt":{"rendered":"<p>\u00a0CONSTRUCCIONES MANCEBO-GONZALEZ, SL Empresa fundada en 1973, Construcciones Mancebo-Gonz\u00e1lez es empresa l\u00edder en el sector de la construcci\u00f3n y rehabilitaci\u00f3n con m\u00e1s de 40 a\u00f1os de experiencia. Nuestro trabajo gira en torno a la creaci\u00f3n de una propuesta de valor que se adapte a las necesidades de nuestros clientes Nos hemos especializado en la construcci\u00f3n [&hellip;]<\/p>\n","protected":false},"author":1,"featured_media":0,"parent":0,"menu_order":0,"comment_status":"closed","ping_status":"closed","template":"","meta":{"footnotes":""},"class_list":["post-2","page","type-page","status-publish","hentry"],"jetpack_sharing_enabled":true,"_links":{"self":[{"href":"http:\/\/www.consmg.com\/wp\/index.php?rest_route=\/wp\/v2\/pages\/2","targetHints":{"allow":["GET"]}}],"collection":[{"href":"http:\/\/www.consmg.com\/wp\/index.php?rest_route=\/wp\/v2\/pages"}],"about":[{"href":"http:\/\/www.consmg.com\/wp\/index.php?rest_route=\/wp\/v2\/types\/page"}],"author":[{"embeddable":true,"href":"http:\/\/www.consmg.com\/wp\/index.php?rest_route=\/wp\/v2\/users\/1"}],"replies":[{"embeddable":true,"href":"http:\/\/www.consmg.com\/wp\/index.php?rest_route=%2Fwp%2Fv2%2Fcomments&post=2"}],"version-history":[{"count":21,"href":"http:\/\/www.consmg.com\/wp\/index.php?rest_route=\/wp\/v2\/pages\/2\/revisions"}],"predecessor-version":[{"id":514,"href":"http:\/\/www.consmg.com\/wp\/index.php?rest_route=\/wp\/v2\/pages\/2\/revisions\/514"}],"wp:attachment":[{"href":"http:\/\/www.consmg.com\/wp\/index.php?rest_route=%2Fwp%2Fv2%2Fmedia&parent=2"}],"curies":[{"name":"wp","href":"https:\/\/api.w.org\/{rel}","templated":true}]}}