{"id":151,"date":"2014-11-05T16:22:36","date_gmt":"2014-11-05T16:22:36","guid":{"rendered":"http:\/\/www.consmg.com\/wp\/?page_id=151"},"modified":"2017-04-19T09:20:31","modified_gmt":"2017-04-19T09:20:31","slug":"residencial-vergemar-el-vergel","status":"publish","type":"page","link":"http:\/\/www.consmg.com\/wp\/?page_id=151","title":{"rendered":"Residencial Vergemar &#8211; El Vergel"},"content":{"rendered":"<div class=\"gmedia_gallery gmediaShortcodeError\" data-gmid=\"11\" data-error=\"afflux: folder missed or module broken\"><\/div>\r\n\r\n<hr \/>\r\n\r\nMuy pr\u00f3ximo a la playa de les Deveses, el Residencial Vergemar te ofrece adosados de 2 y 3 dormitorios con jard\u00edn privado y garaje en planta s\u00f3tano. Cuenta adem\u00e1s con zona ajardinada con piscina comunitaria y zona de juegos para ni\u00f1os. Preinstalaci\u00f3n aire acondicionado en dormitorios y sal\u00f3n.\r\n\r\n&nbsp;\r\n\r\n<em><strong>Solicita informaci\u00f3n<\/strong><\/em>\r\n\r\n&nbsp;\r\n\r\n<hr \/>\r\n\r\n<h2>Planos disponibles:<\/h2>\r\n<ul>\r\n\t<li><a href=\"http:\/\/www.consmg.com\/pdfs\/Jupromi_el_Verger.pdf\" target=\"_blank\"><span style=\"color: #ff0000;\"><span style=\"text-decoration: underline;\">Planos Residencial Vergemar<\/span><\/span><\/a><\/li>\r\n<\/ul>\r\n&nbsp;\r\n\r\n<hr \/>\r\n\r\n<h2>Mapa de situaci\u00f3n:<\/h2>\r\n&nbsp;\r\n\r\n[put_wpgm id=5]\r\n\r\n&nbsp;","protected":false},"excerpt":{"rendered":"<p>Muy pr\u00f3ximo a la playa de les Deveses, el Residencial Vergemar te ofrece adosados de 2 y 3 dormitorios con jard\u00edn privado y garaje en planta s\u00f3tano. Cuenta adem\u00e1s con zona ajardinada con piscina comunitaria y zona de juegos para ni\u00f1os. Preinstalaci\u00f3n aire acondicionado en dormitorios y sal\u00f3n. &nbsp; Solicita informaci\u00f3n &nbsp; Planos disponibles: Planos [&hellip;]<\/p>\n","protected":false},"author":1,"featured_media":0,"parent":48,"menu_order":6,"comment_status":"open","ping_status":"closed","template":"","meta":{"footnotes":""},"class_list":["post-151","page","type-page","status-publish","hentry"],"jetpack_sharing_enabled":true,"_links":{"self":[{"href":"http:\/\/www.consmg.com\/wp\/index.php?rest_route=\/wp\/v2\/pages\/151","targetHints":{"allow":["GET"]}}],"collection":[{"href":"http:\/\/www.consmg.com\/wp\/index.php?rest_route=\/wp\/v2\/pages"}],"about":[{"href":"http:\/\/www.consmg.com\/wp\/index.php?rest_route=\/wp\/v2\/types\/page"}],"author":[{"embeddable":true,"href":"http:\/\/www.consmg.com\/wp\/index.php?rest_route=\/wp\/v2\/users\/1"}],"replies":[{"embeddable":true,"href":"http:\/\/www.consmg.com\/wp\/index.php?rest_route=%2Fwp%2Fv2%2Fcomments&post=151"}],"version-history":[{"count":4,"href":"http:\/\/www.consmg.com\/wp\/index.php?rest_route=\/wp\/v2\/pages\/151\/revisions"}],"predecessor-version":[{"id":157,"href":"http:\/\/www.consmg.com\/wp\/index.php?rest_route=\/wp\/v2\/pages\/151\/revisions\/157"}],"up":[{"embeddable":true,"href":"http:\/\/www.consmg.com\/wp\/index.php?rest_route=\/wp\/v2\/pages\/48"}],"wp:attachment":[{"href":"http:\/\/www.consmg.com\/wp\/index.php?rest_route=%2Fwp%2Fv2%2Fmedia&parent=151"}],"curies":[{"name":"wp","href":"https:\/\/api.w.org\/{rel}","templated":true}]}}