{"id":13,"date":"2014-03-24T15:38:02","date_gmt":"2014-03-24T15:38:02","guid":{"rendered":"http:\/\/www.consmg.com\/wp\/?page_id=13"},"modified":"2024-03-14T21:08:49","modified_gmt":"2024-03-14T21:08:49","slug":"home","status":"publish","type":"page","link":"http:\/\/www.consmg.com\/wp\/?page_id=13","title":{"rendered":"INICIO"},"content":{"rendered":"<h1>T\u00fa estilo de vida &#8230;.. Nuestro objetivo<\/h1>\n<blockquote>La personalizaci\u00f3n de nuestras construcciones forma parte de nuestra raz\u00f3n de ser.\n\nColaboramos con los mejores Estudios de Arquitectura e Interiorismo, donde el asesoramiento a nuestros clientes es fluido y constante.\n\nInformamos de todo el proceso de obra, cumpliendo con los m\u00e1ximos en cuanto a Calidad y Dise\u00f1o\n\n<\/blockquote>\n\n<hr>\n\n<h2>Noticias Recientes:<\/h2><ul class=\"display-posts-listing\"><li class=\"listing-item\"><a class=\"title\" href=\"http:\/\/www.consmg.com\/wp\/?p=1\"><\/a> <span class=\"excerpt-dash\">-<\/span> <span class=\"excerpt\">&nbsp;<\/span><\/li><\/ul>","protected":false},"excerpt":{"rendered":"<p>T\u00fa estilo de vida &#8230;.. Nuestro objetivo La personalizaci\u00f3n de nuestras construcciones forma parte de nuestra raz\u00f3n de ser. Colaboramos con los mejores Estudios de Arquitectura e Interiorismo, donde el asesoramiento a nuestros clientes es fluido y constante. Informamos de todo el proceso de obra, cumpliendo con los m\u00e1ximos en cuanto a Calidad y Dise\u00f1o [&hellip;]<\/p>\n","protected":false},"author":1,"featured_media":0,"parent":0,"menu_order":0,"comment_status":"closed","ping_status":"closed","template":"","meta":{"footnotes":""},"class_list":["post-13","page","type-page","status-publish","hentry"],"jetpack_sharing_enabled":true,"_links":{"self":[{"href":"http:\/\/www.consmg.com\/wp\/index.php?rest_route=\/wp\/v2\/pages\/13","targetHints":{"allow":["GET"]}}],"collection":[{"href":"http:\/\/www.consmg.com\/wp\/index.php?rest_route=\/wp\/v2\/pages"}],"about":[{"href":"http:\/\/www.consmg.com\/wp\/index.php?rest_route=\/wp\/v2\/types\/page"}],"author":[{"embeddable":true,"href":"http:\/\/www.consmg.com\/wp\/index.php?rest_route=\/wp\/v2\/users\/1"}],"replies":[{"embeddable":true,"href":"http:\/\/www.consmg.com\/wp\/index.php?rest_route=%2Fwp%2Fv2%2Fcomments&post=13"}],"version-history":[{"count":31,"href":"http:\/\/www.consmg.com\/wp\/index.php?rest_route=\/wp\/v2\/pages\/13\/revisions"}],"predecessor-version":[{"id":672,"href":"http:\/\/www.consmg.com\/wp\/index.php?rest_route=\/wp\/v2\/pages\/13\/revisions\/672"}],"wp:attachment":[{"href":"http:\/\/www.consmg.com\/wp\/index.php?rest_route=%2Fwp%2Fv2%2Fmedia&parent=13"}],"curies":[{"name":"wp","href":"https:\/\/api.w.org\/{rel}","templated":true}]}}