{"id":129,"date":"2014-10-08T06:10:15","date_gmt":"2014-10-08T06:10:15","guid":{"rendered":"http:\/\/www.consmg.com\/wp\/?page_id=129"},"modified":"2016-04-11T17:45:19","modified_gmt":"2016-04-11T17:45:19","slug":"obra-publica","status":"publish","type":"page","link":"http:\/\/www.consmg.com\/wp\/?page_id=129","title":{"rendered":"OBRA P\u00daBLICA"},"content":{"rendered":"<h3><span style=\"font-size: 13px;\">\u00a0<\/span><\/h3>\r\n<a href=\"http:\/\/www.consmg.com\/wp\/wp-content\/uploads\/2014\/10\/timthumb.php_.jpg\" rel=\"attachment wp-att-451\"><img loading=\"lazy\" decoding=\"async\" class=\" wp-image-451 aligncenter\" src=\"http:\/\/www.consmg.com\/wp\/wp-content\/uploads\/2014\/10\/timthumb.php_.jpg\" alt=\"timthumb.php\" width=\"856\" height=\"501\" srcset=\"http:\/\/www.consmg.com\/wp\/wp-content\/uploads\/2014\/10\/timthumb.php_.jpg 607w, http:\/\/www.consmg.com\/wp\/wp-content\/uploads\/2014\/10\/timthumb.php_-300x175.jpg 300w\" sizes=\"auto, (max-width: 856px) 100vw, 856px\" \/><\/a>\r\n<p style=\"text-align: justify;\"><strong>Construcciones Mancebo y Gonz\u00e1lez SL<\/strong><\/p>\r\n<p style=\"text-align: justify;\">Ofrece a los clientes soluciones completas, desde la propia redacci\u00f3n del proyecto, hasta su construcci\u00f3n total, explotaci\u00f3n y mantenimiento.<\/p>\r\n<p style=\"text-align: justify;\">Para conseguir una mayor satisfacci\u00f3n de nuestros clientes, Construcciones Mancebo-Gonz\u00e1lez, SL basa sus actuaciones en tres pilares b\u00e1sicos:<\/p>\r\n\r\n<ul style=\"text-align: justify;\">\r\n\t<li>Formaci\u00f3n de los recursos humanos, para mejorar las cualidades y aptitudes, encamin\u00e1ndolas a una mayor competitividad de la empresa.<\/li>\r\n\t<li>Implantaci\u00f3n de sistemas para un reciclaje continuo de todas las actividades, tanto en la calidad de las obras ejecutadas como en la protecci\u00f3n y respeto del Medio Ambiente y la constituci\u00f3n de sistemas de prevenci\u00f3n de riesgos laborales que permitan que el entorno de trabajo sea cada vez m\u00e1s seguro.<\/li>\r\n\t<li>Inversi\u00f3n en nuevas tecnolog\u00edas para desarrollar tecnol\u00f3gicamente las capacidades de la empresa.<\/li>\r\n<\/ul>\r\n<p style=\"text-align: justify;\">En el \u00e1rea de ejecuci\u00f3n de obras, Construcciones Mancebo-Gonzalez, SL \u00a0desarrolla proyectos de construcci\u00f3n en diferentes sectores manteniendo un desarrollo fuertemente ligado al Medio Ambiente y al desarrollo sostenible de los recursos como objetivo principal. Ofreciendo una cobertura total del proyecto:<\/p>\r\n\r\n<ul>\r\n\t<li style=\"text-align: justify;\">Elaboraci\u00f3n del proyecto.<\/li>\r\n\t<li style=\"text-align: justify;\">Ejecuci\u00f3n de la obra.<\/li>\r\n\t<li style=\"text-align: justify;\">Explotaci\u00f3n de la infraestructura.<\/li>\r\n<\/ul>\r\n<p style=\"text-align: justify;\">Construcciones Mancebo-Gonz\u00e1lez, SL\u00a0ejecuta todo tipo de proyectos de obra p\u00fablica: pavimentaciones de carreteras y viales, construcci\u00f3n de edificaciones, naves industriales.<\/p>\r\nPuede solicitar informaci\u00f3n dirigiendose a:\r\n\r\n<a title=\"Informaci\u00f3n\" href=\"mailto:info@consmg.com\">info@consmg.com<\/a>","protected":false},"excerpt":{"rendered":"<p>\u00a0 Construcciones Mancebo y Gonz\u00e1lez SL Ofrece a los clientes soluciones completas, desde la propia redacci\u00f3n del proyecto, hasta su construcci\u00f3n total, explotaci\u00f3n y mantenimiento. Para conseguir una mayor satisfacci\u00f3n de nuestros clientes, Construcciones Mancebo-Gonz\u00e1lez, SL basa sus actuaciones en tres pilares b\u00e1sicos: Formaci\u00f3n de los recursos humanos, para mejorar las cualidades y aptitudes, encamin\u00e1ndolas [&hellip;]<\/p>\n","protected":false},"author":1,"featured_media":0,"parent":0,"menu_order":5,"comment_status":"closed","ping_status":"closed","template":"","meta":{"footnotes":""},"class_list":["post-129","page","type-page","status-publish","hentry"],"jetpack_sharing_enabled":true,"_links":{"self":[{"href":"http:\/\/www.consmg.com\/wp\/index.php?rest_route=\/wp\/v2\/pages\/129","targetHints":{"allow":["GET"]}}],"collection":[{"href":"http:\/\/www.consmg.com\/wp\/index.php?rest_route=\/wp\/v2\/pages"}],"about":[{"href":"http:\/\/www.consmg.com\/wp\/index.php?rest_route=\/wp\/v2\/types\/page"}],"author":[{"embeddable":true,"href":"http:\/\/www.consmg.com\/wp\/index.php?rest_route=\/wp\/v2\/users\/1"}],"replies":[{"embeddable":true,"href":"http:\/\/www.consmg.com\/wp\/index.php?rest_route=%2Fwp%2Fv2%2Fcomments&post=129"}],"version-history":[{"count":11,"href":"http:\/\/www.consmg.com\/wp\/index.php?rest_route=\/wp\/v2\/pages\/129\/revisions"}],"predecessor-version":[{"id":516,"href":"http:\/\/www.consmg.com\/wp\/index.php?rest_route=\/wp\/v2\/pages\/129\/revisions\/516"}],"wp:attachment":[{"href":"http:\/\/www.consmg.com\/wp\/index.php?rest_route=%2Fwp%2Fv2%2Fmedia&parent=129"}],"curies":[{"name":"wp","href":"https:\/\/api.w.org\/{rel}","templated":true}]}}