{"id":127,"date":"2014-10-08T06:09:31","date_gmt":"2014-10-08T06:09:31","guid":{"rendered":"http:\/\/www.consmg.com\/wp\/?page_id=127"},"modified":"2016-04-07T09:58:59","modified_gmt":"2016-04-07T09:58:59","slug":"obra-civil","status":"publish","type":"page","link":"http:\/\/www.consmg.com\/wp\/?page_id=127","title":{"rendered":"OBRA CIVIL"},"content":{"rendered":"<a href=\"http:\/\/www.consmg.com\/wp\/wp-content\/uploads\/2014\/10\/8c235ac76b159c7fa07f1e7e319957a2.jpg\" rel=\"attachment wp-att-491\"><img loading=\"lazy\" decoding=\"async\" class=\"size-full wp-image-491 aligncenter\" src=\"http:\/\/www.consmg.com\/wp\/wp-content\/uploads\/2014\/10\/8c235ac76b159c7fa07f1e7e319957a2.jpg\" alt=\"8c235ac76b159c7fa07f1e7e319957a2\" width=\"1710\" height=\"1123\" srcset=\"http:\/\/www.consmg.com\/wp\/wp-content\/uploads\/2014\/10\/8c235ac76b159c7fa07f1e7e319957a2.jpg 1710w, http:\/\/www.consmg.com\/wp\/wp-content\/uploads\/2014\/10\/8c235ac76b159c7fa07f1e7e319957a2-300x197.jpg 300w, http:\/\/www.consmg.com\/wp\/wp-content\/uploads\/2014\/10\/8c235ac76b159c7fa07f1e7e319957a2-768x504.jpg 768w, http:\/\/www.consmg.com\/wp\/wp-content\/uploads\/2014\/10\/8c235ac76b159c7fa07f1e7e319957a2-1024x672.jpg 1024w\" sizes=\"auto, (max-width: 1710px) 100vw, 1710px\" \/><\/a>\r\n<p style=\"text-align: justify;\">Desde <strong>Construcciones Mancebo-Gonz\u00e1lez, SL<\/strong> entendemos la Obra Civil como una actuaci\u00f3n que es utilizada para dotar de beneficios a la sociedad.<\/p>\r\n<p style=\"text-align: justify;\">Las <strong><em>obras civiles<\/em><\/strong> son, por tanto, el resultado de la iniciativa p\u00fablico-privada en el territorio, de tal forma que dicha actuaci\u00f3n redunde en beneficio de la sociedad. Es, pues, una actuaci\u00f3n social y \u00fatil.<\/p>\r\n<p style=\"text-align: justify;\">Para conseguir una mayor satisfacci\u00f3n de nuestros clientes, Construcciones Mancebo-Gonz\u00e1lez, SL basa sus actuaciones en tres pilares b\u00e1sicos:<\/p>\r\n\r\n<ul>\r\n\t<li style=\"text-align: justify;\">Formaci\u00f3n de los recursos humanos, para mejorar las cualidades y aptitudes, encamin\u00e1ndolas a una mayor competitividad de la empresa.<\/li>\r\n\t<li style=\"text-align: justify;\">Implantaci\u00f3n de sistemas para un reciclaje continuo de todas las actividades, tanto en la calidad de las obras ejecutadas como en la protecci\u00f3n y respeto del Medio Ambiente y la constituci\u00f3n de sistemas de prevenci\u00f3n de riesgos laborales que permitan que el entorno de trabajo sea cada vez m\u00e1s seguro.<\/li>\r\n\t<li style=\"text-align: justify;\">Inversi\u00f3n en nuevas tecnolog\u00edas para desarrollar tecnol\u00f3gicamente las capacidades de la empresa.<\/li>\r\n<\/ul>\r\n<p style=\"text-align: justify;\">En el \u00e1rea de ejecuci\u00f3n de obras, Construcciones Mancebo-Gonzalez, SL \u00a0desarrolla proyectos de construcci\u00f3n en diferentes sectores manteniendo un desarrollo fuertemente ligado al Medio Ambiente y al desarrollo sostenible de los recursos como objetivo principal. Ofreciendo una cobertura total del proyecto:<\/p>\r\n\r\n<ul>\r\n\t<li>Elaboraci\u00f3n del proyecto.<\/li>\r\n\t<li>Ejecuci\u00f3n de la obra.<\/li>\r\n\t<li>Explotaci\u00f3n de la infraestructura.<\/li>\r\n<\/ul>\r\n<p style=\"text-align: justify;\">Construcciones Mancebo-Gonz\u00e1lez, SL\u00a0ejecuta todo tipo de proyectos de obra civil: pavimentaciones de carreteras y viales, construcci\u00f3n de edificaciones, naves industriales.<\/p>\r\nPuede solicitar informaci\u00f3n dirigiendose a:\r\n\r\n<a title=\"Informaci\u00f3n\" href=\"mailto:info@consmg.com\">info@consmg.com<\/a>\r\n\r\n&nbsp;","protected":false},"excerpt":{"rendered":"<p>Desde Construcciones Mancebo-Gonz\u00e1lez, SL entendemos la Obra Civil como una actuaci\u00f3n que es utilizada para dotar de beneficios a la sociedad. Las obras civiles son, por tanto, el resultado de la iniciativa p\u00fablico-privada en el territorio, de tal forma que dicha actuaci\u00f3n redunde en beneficio de la sociedad. Es, pues, una actuaci\u00f3n social y \u00fatil. [&hellip;]<\/p>\n","protected":false},"author":1,"featured_media":0,"parent":0,"menu_order":4,"comment_status":"closed","ping_status":"closed","template":"","meta":{"footnotes":""},"class_list":["post-127","page","type-page","status-publish","hentry"],"jetpack_sharing_enabled":true,"_links":{"self":[{"href":"http:\/\/www.consmg.com\/wp\/index.php?rest_route=\/wp\/v2\/pages\/127","targetHints":{"allow":["GET"]}}],"collection":[{"href":"http:\/\/www.consmg.com\/wp\/index.php?rest_route=\/wp\/v2\/pages"}],"about":[{"href":"http:\/\/www.consmg.com\/wp\/index.php?rest_route=\/wp\/v2\/types\/page"}],"author":[{"embeddable":true,"href":"http:\/\/www.consmg.com\/wp\/index.php?rest_route=\/wp\/v2\/users\/1"}],"replies":[{"embeddable":true,"href":"http:\/\/www.consmg.com\/wp\/index.php?rest_route=%2Fwp%2Fv2%2Fcomments&post=127"}],"version-history":[{"count":16,"href":"http:\/\/www.consmg.com\/wp\/index.php?rest_route=\/wp\/v2\/pages\/127\/revisions"}],"predecessor-version":[{"id":515,"href":"http:\/\/www.consmg.com\/wp\/index.php?rest_route=\/wp\/v2\/pages\/127\/revisions\/515"}],"wp:attachment":[{"href":"http:\/\/www.consmg.com\/wp\/index.php?rest_route=%2Fwp%2Fv2%2Fmedia&parent=127"}],"curies":[{"name":"wp","href":"https:\/\/api.w.org\/{rel}","templated":true}]}}